{"id":112,"date":"2021-02-10T16:18:32","date_gmt":"2021-02-10T16:18:32","guid":{"rendered":"http:\/\/cottage.ms.decms.eu\/?page_id=112"},"modified":"2022-06-21T16:24:31","modified_gmt":"2022-06-21T16:24:31","slug":"meer","status":"publish","type":"page","link":"https:\/\/www.cottagearbatax.com\/de\/meer\/","title":{"rendered":"Meer"},"content":{"rendered":"<p>Arbatax Park wird vom herrlichen Meer der <strong>Ogliastra<\/strong> umsp\u00fclt, das als das sch\u00f6nste des Mittelmeers gilt, mit den wunderbaren Buchten des Meeresparks Monte Santo, Schauplatz ber\u00fchmter Filme, die hier gedreht wurden, und von Fotoshootings, die in Zeitschriften auf der ganzen Welt ver\u00f6ffentlicht wurden.<\/p>\n<p>Arbatax Park ist von einer rauen K\u00fcstenlinie umgeben, an der sich zahlreiche Buchten \u2013 <strong>einige sandig<\/strong>, umschlossen von glatten Granitbl\u00f6cken und rotem Porphyr, andere von Felsen, Kieseln und <strong>Salzbecken<\/strong> \u2013 aneinanderreihen. Es gibt Sandterrassen mit Blick auf das Meer, <strong>Sandstr\u00e4nde<\/strong> und h\u00f6lzerne Solarium-Plattformen, die mit Sonnenschirmen, Liegest\u00fchlen und Sonnenliegen ausgestattet sind.<\/p>\n","protected":false},"excerpt":{"rendered":"<p>Arbatax Park wird vom herrlichen Meer der Ogliastra umsp\u00fclt, das als das sch\u00f6nste des Mittelmeers gilt, mit den wunderbaren Buchten des Meeresparks Monte Santo, Schauplatz ber\u00fchmter Filme, die hier gedreht wurden, und von Fotoshootings, die in Zeitschriften auf der ganzen Welt ver\u00f6ffentlicht wurden. Arbatax Park ist von einer rauen K\u00fcstenlinie umgeben, an der sich zahlreiche [&hellip;]<\/p>\n","protected":false},"author":7,"featured_media":0,"parent":0,"menu_order":25,"comment_status":"closed","ping_status":"closed","template":"template-sea.php","meta":{"footnotes":""},"class_list":["post-112","page","type-page","status-publish","hentry"],"yoast_head":"<!-- This site is optimized with the Yoast SEO plugin v26.9 - https:\/\/yoast.com\/product\/yoast-seo-wordpress\/ -->\n<title>Meer - Cottage<\/title>\n<meta name=\"robots\" content=\"index, follow, max-snippet:-1, max-image-preview:large, max-video-preview:-1\" \/>\n<link rel=\"canonical\" href=\"https:\/\/www.cottagearbatax.com\/de\/meer\/\" \/>\n<meta property=\"og:locale\" content=\"de_DE\" \/>\n<meta property=\"og:type\" content=\"article\" \/>\n<meta property=\"og:title\" content=\"Meer - Cottage\" \/>\n<meta property=\"og:description\" content=\"Arbatax Park wird vom herrlichen Meer der Ogliastra umsp\u00fclt, das als das sch\u00f6nste des Mittelmeers gilt, mit den wunderbaren Buchten des Meeresparks Monte Santo, Schauplatz ber\u00fchmter Filme, die hier gedreht wurden, und von Fotoshootings, die in Zeitschriften auf der ganzen Welt ver\u00f6ffentlicht wurden. Arbatax Park ist von einer rauen K\u00fcstenlinie umgeben, an der sich zahlreiche [&hellip;]\" \/>\n<meta property=\"og:url\" content=\"https:\/\/www.cottagearbatax.com\/de\/meer\/\" \/>\n<meta property=\"og:site_name\" content=\"Cottage\" \/>\n<meta property=\"article:modified_time\" content=\"2022-06-21T16:24:31+00:00\" \/>\n<meta name=\"twitter:card\" content=\"summary_large_image\" \/>\n<meta name=\"twitter:label1\" content=\"Gesch\u00e4tzte Lesezeit\" \/>\n\t<meta name=\"twitter:data1\" content=\"1 Minute\" \/>\n<script type=\"application\/ld+json\" class=\"yoast-schema-graph\">{\"@context\":\"https:\/\/schema.org\",\"@graph\":[{\"@type\":\"WebPage\",\"@id\":\"https:\/\/www.cottagearbatax.com\/de\/meer\/\",\"url\":\"https:\/\/www.cottagearbatax.com\/de\/meer\/\",\"name\":\"Meer - Cottage\",\"isPartOf\":{\"@id\":\"https:\/\/www.cottagearbatax.com\/de\/#website\"},\"datePublished\":\"2021-02-10T16:18:32+00:00\",\"dateModified\":\"2022-06-21T16:24:31+00:00\",\"breadcrumb\":{\"@id\":\"https:\/\/www.cottagearbatax.com\/de\/meer\/#breadcrumb\"},\"inLanguage\":\"de-DE\",\"potentialAction\":[{\"@type\":\"ReadAction\",\"target\":[\"https:\/\/www.cottagearbatax.com\/de\/meer\/\"]}]},{\"@type\":\"BreadcrumbList\",\"@id\":\"https:\/\/www.cottagearbatax.com\/de\/meer\/#breadcrumb\",\"itemListElement\":[{\"@type\":\"ListItem\",\"position\":1,\"name\":\"Home\",\"item\":\"https:\/\/www.cottagearbatax.com\/de\/\"},{\"@type\":\"ListItem\",\"position\":2,\"name\":\"Meer\"}]},{\"@type\":\"WebSite\",\"@id\":\"https:\/\/www.cottagearbatax.com\/de\/#website\",\"url\":\"https:\/\/www.cottagearbatax.com\/de\/\",\"name\":\"Cottage\",\"description\":\"Just another ms.decms.eu site\",\"potentialAction\":[{\"@type\":\"SearchAction\",\"target\":{\"@type\":\"EntryPoint\",\"urlTemplate\":\"https:\/\/www.cottagearbatax.com\/de\/?s={search_term_string}\"},\"query-input\":{\"@type\":\"PropertyValueSpecification\",\"valueRequired\":true,\"valueName\":\"search_term_string\"}}],\"inLanguage\":\"de-DE\"}]}<\/script>\n<!-- \/ Yoast SEO plugin. -->","yoast_head_json":{"title":"Meer - Cottage","robots":{"index":"index","follow":"follow","max-snippet":"max-snippet:-1","max-image-preview":"max-image-preview:large","max-video-preview":"max-video-preview:-1"},"canonical":"https:\/\/www.cottagearbatax.com\/de\/meer\/","og_locale":"de_DE","og_type":"article","og_title":"Meer - Cottage","og_description":"Arbatax Park wird vom herrlichen Meer der Ogliastra umsp\u00fclt, das als das sch\u00f6nste des Mittelmeers gilt, mit den wunderbaren Buchten des Meeresparks Monte Santo, Schauplatz ber\u00fchmter Filme, die hier gedreht wurden, und von Fotoshootings, die in Zeitschriften auf der ganzen Welt ver\u00f6ffentlicht wurden. Arbatax Park ist von einer rauen K\u00fcstenlinie umgeben, an der sich zahlreiche [&hellip;]","og_url":"https:\/\/www.cottagearbatax.com\/de\/meer\/","og_site_name":"Cottage","article_modified_time":"2022-06-21T16:24:31+00:00","twitter_card":"summary_large_image","twitter_misc":{"Gesch\u00e4tzte Lesezeit":"1 Minute"},"schema":{"@context":"https:\/\/schema.org","@graph":[{"@type":"WebPage","@id":"https:\/\/www.cottagearbatax.com\/de\/meer\/","url":"https:\/\/www.cottagearbatax.com\/de\/meer\/","name":"Meer - Cottage","isPartOf":{"@id":"https:\/\/www.cottagearbatax.com\/de\/#website"},"datePublished":"2021-02-10T16:18:32+00:00","dateModified":"2022-06-21T16:24:31+00:00","breadcrumb":{"@id":"https:\/\/www.cottagearbatax.com\/de\/meer\/#breadcrumb"},"inLanguage":"de-DE","potentialAction":[{"@type":"ReadAction","target":["https:\/\/www.cottagearbatax.com\/de\/meer\/"]}]},{"@type":"BreadcrumbList","@id":"https:\/\/www.cottagearbatax.com\/de\/meer\/#breadcrumb","itemListElement":[{"@type":"ListItem","position":1,"name":"Home","item":"https:\/\/www.cottagearbatax.com\/de\/"},{"@type":"ListItem","position":2,"name":"Meer"}]},{"@type":"WebSite","@id":"https:\/\/www.cottagearbatax.com\/de\/#website","url":"https:\/\/www.cottagearbatax.com\/de\/","name":"Cottage","description":"Just another ms.decms.eu site","potentialAction":[{"@type":"SearchAction","target":{"@type":"EntryPoint","urlTemplate":"https:\/\/www.cottagearbatax.com\/de\/?s={search_term_string}"},"query-input":{"@type":"PropertyValueSpecification","valueRequired":true,"valueName":"search_term_string"}}],"inLanguage":"de-DE"}]}},"acf":[],"_links":{"self":[{"href":"https:\/\/www.cottagearbatax.com\/de\/wp-json\/wp\/v2\/pages\/112","targetHints":{"allow":["GET"]}}],"collection":[{"href":"https:\/\/www.cottagearbatax.com\/de\/wp-json\/wp\/v2\/pages"}],"about":[{"href":"https:\/\/www.cottagearbatax.com\/de\/wp-json\/wp\/v2\/types\/page"}],"author":[{"embeddable":true,"href":"https:\/\/www.cottagearbatax.com\/de\/wp-json\/wp\/v2\/users\/7"}],"replies":[{"embeddable":true,"href":"https:\/\/www.cottagearbatax.com\/de\/wp-json\/wp\/v2\/comments?post=112"}],"version-history":[{"count":0,"href":"https:\/\/www.cottagearbatax.com\/de\/wp-json\/wp\/v2\/pages\/112\/revisions"}],"wp:attachment":[{"href":"https:\/\/www.cottagearbatax.com\/de\/wp-json\/wp\/v2\/media?parent=112"}],"curies":[{"name":"wp","href":"https:\/\/api.w.org\/{rel}","templated":true}]}}