{"id":187,"date":"2021-02-12T14:58:12","date_gmt":"2021-02-12T14:58:12","guid":{"rendered":"http:\/\/cottage.ms.decms.eu\/?page_id=187"},"modified":"2021-02-12T14:58:12","modified_gmt":"2021-02-12T14:58:12","slug":"kontaktieren-uns","status":"publish","type":"page","link":"https:\/\/www.cottagearbatax.com\/de\/kontaktieren-uns\/","title":{"rendered":"Kontaktieren uns"},"content":{"rendered":"\n                <div class='gf_browser_gecko gform_wrapper general_form_wrapper work_with_us_wrapper' id='gform_wrapper_6' ><form method='post' enctype='multipart\/form-data'  id='gform_6' class='general_form work_with_us' action='\/de\/wp-json\/wp\/v2\/pages\/187'>\n                        <div class='gform_body'><ul id='gform_fields_6' class='gform_fields top_label form_sublabel_below description_below'><li id='field_6_1'  class='gfield name_field gfield_contains_required field_sublabel_below field_description_below gfield_visibility_visible' ><label class='gfield_label' for='input_6_1' >Name<span class='gfield_required'>*<\/span><\/label><div class='ginput_container ginput_container_text'><input name='input_1' id='input_6_1' type='text' value='' class='medium'     aria-required=\"true\" aria-invalid=\"false\" \/><\/div><\/li><li id='field_6_9'  class='gfield surname_field gfield_contains_required field_sublabel_below field_description_below gfield_visibility_visible' ><label class='gfield_label' for='input_6_9' >Nachname<span class='gfield_required'>*<\/span><\/label><div class='ginput_container ginput_container_text'><input name='input_9' id='input_6_9' type='text' value='' class='medium'     aria-required=\"true\" aria-invalid=\"false\" \/><\/div><\/li><li id='field_6_11'  class='gfield gfield_contains_required field_sublabel_below field_description_below gfield_visibility_visible' ><label class='gfield_label' for='input_6_11' >Email<span class='gfield_required'>*<\/span><\/label><div class='ginput_container ginput_container_email'>\n                            <input name='input_11' id='input_6_11' type='text' value='' class='medium'    aria-required=\"true\" aria-invalid=\"false\" \/>\n                        <\/div><\/li><li id='field_6_10'  class='gfield gfield_contains_required field_sublabel_below field_description_below gfield_visibility_visible' ><label class='gfield_label' for='input_6_10' >Telefonnummer<span class='gfield_required'>*<\/span><\/label><div class='ginput_container ginput_container_phone'><input name='input_10' id='input_6_10' type='text' value='' class='medium'   aria-required=\"true\" aria-invalid=\"false\"  \/><\/div><\/li><li id='field_6_4'  class='gfield full field_sublabel_below field_description_below gfield_visibility_visible' ><label class='gfield_label' for='input_6_4' >Nachricht<\/label><div class='ginput_container ginput_container_textarea'><textarea name='input_4' id='input_6_4' class='textarea medium'    placeholder='Schreiben Sie hier Ihre W\u00fcnsche.'  aria-invalid=\"false\"   rows='10' cols='50'><\/textarea><\/div><\/li><li id='field_6_5'  class='gfield full gfield_contains_required field_sublabel_below field_description_below gfield_visibility_visible' ><label class='gfield_label'  >Ich mich einverstanden, dass meine \u00fcbermittelten Daten elektronisch verarbeitet werden.<span class='gfield_required'>*<\/span><\/label><div class='ginput_container ginput_container_checkbox'><ul class='gfield_checkbox' id='input_6_5'><li class='gchoice_6_5_1'>\n\t\t\t\t\t\t\t\t<input name='input_5.1' type='checkbox'  value='N\u00e4here Erl\u00e4uterungen im Men\u00fcpunkt &lt;a target=&quot;_blank&quot; href=&quot;https:\/\/www.arbataxpark.com\/de\/privacy-policy&quot;&gt;Datenschutz&lt;\/a&gt;'  id='choice_6_5_1'   \/>\n\t\t\t\t\t\t\t\t<label for='choice_6_5_1' id='label_6_5_1'>N\u00e4here Erl\u00e4uterungen im Men\u00fcpunkt <a target=\"_blank\" href=\"https:\/\/www.arbataxpark.com\/de\/privacy-policy\">Datenschutz<\/a><\/label>\n\t\t\t\t\t\t\t<\/li><\/ul><\/div><\/li><li id='field_6_12'  class='gfield gform_validation_container field_sublabel_below field_description_below gfield_visibility_visible' ><label class='gfield_label' for='input_6_12' >Phone<\/label><div class='ginput_container'><input name='input_12' id='input_6_12' type='text' value='' \/><\/div><div class='gfield_description' id='gfield_description_6_12'>Dieses Feld dient zur Validierung und sollte nicht ver\u00e4ndert werden.<\/div><\/li>\n                            <\/ul><\/div>\n        <div class='gform_footer top_label'> <input type='submit' id='gform_submit_button_6' class='gform_button button' value='senden'  onclick='if(window[\"gf_submitting_6\"]){return false;}  window[\"gf_submitting_6\"]=true;  ' onkeypress='if( event.keyCode == 13 ){ if(window[\"gf_submitting_6\"]){return false;} window[\"gf_submitting_6\"]=true;  jQuery(\"#gform_6\").trigger(\"submit\",[true]); }' \/> \n            <input type='hidden' class='gform_hidden' name='is_submit_6' value='1' \/>\n            <input type='hidden' class='gform_hidden' name='gform_submit' value='6' \/>\n            \n            <input type='hidden' class='gform_hidden' name='gform_unique_id' value='' \/>\n            <input type='hidden' class='gform_hidden' name='state_6' value='WyJbXSIsIjMzYmYyMWNkYTJhNzA4YTM1YzdlNzFmY2RiNzcyYTQwIl0=' \/>\n            <input type='hidden' class='gform_hidden' name='gform_target_page_number_6' id='gform_target_page_number_6' value='0' \/>\n            <input type='hidden' class='gform_hidden' name='gform_source_page_number_6' id='gform_source_page_number_6' value='1' \/>\n            <input type='hidden' name='gform_field_values' value='' \/>\n            \n        <\/div>\n                        <\/form>\n                        <\/div><script type='text\/javascript'> jQuery(document).bind('gform_post_render', function(event, formId, currentPage){if(formId == 6) {if(typeof Placeholders != 'undefined'){\n                        Placeholders.enable();\n                    }jQuery('#input_6_10').mask('(999) 999-9999').bind('keypress', function(e){if(e.which == 13){jQuery(this).blur();} } );} } );jQuery(document).bind('gform_post_conditional_logic', function(event, formId, fields, isInit){} );<\/script><script type='text\/javascript'> jQuery(document).ready(function(){jQuery(document).trigger('gform_post_render', [6, 1]) } ); <\/script>\n","protected":false},"excerpt":{"rendered":"","protected":false},"author":7,"featured_media":0,"parent":0,"menu_order":200,"comment_status":"closed","ping_status":"closed","template":"","meta":{"footnotes":""},"class_list":["post-187","page","type-page","status-publish","hentry"],"yoast_head":"<!-- This site is optimized with the Yoast SEO plugin v26.9 - https:\/\/yoast.com\/product\/yoast-seo-wordpress\/ -->\n<title>Kontaktieren uns - Cottage<\/title>\n<meta name=\"robots\" content=\"index, follow, max-snippet:-1, max-image-preview:large, max-video-preview:-1\" \/>\n<link rel=\"canonical\" href=\"https:\/\/www.cottagearbatax.com\/de\/kontaktieren-uns\/\" \/>\n<meta property=\"og:locale\" content=\"de_DE\" \/>\n<meta property=\"og:type\" content=\"article\" \/>\n<meta property=\"og:title\" content=\"Kontaktieren uns - Cottage\" \/>\n<meta property=\"og:url\" content=\"https:\/\/www.cottagearbatax.com\/de\/kontaktieren-uns\/\" \/>\n<meta property=\"og:site_name\" content=\"Cottage\" \/>\n<meta name=\"twitter:card\" content=\"summary_large_image\" \/>\n<script type=\"application\/ld+json\" class=\"yoast-schema-graph\">{\"@context\":\"https:\/\/schema.org\",\"@graph\":[{\"@type\":\"WebPage\",\"@id\":\"https:\/\/www.cottagearbatax.com\/de\/kontaktieren-uns\/\",\"url\":\"https:\/\/www.cottagearbatax.com\/de\/kontaktieren-uns\/\",\"name\":\"Kontaktieren uns - Cottage\",\"isPartOf\":{\"@id\":\"https:\/\/www.cottagearbatax.com\/de\/#website\"},\"datePublished\":\"2021-02-12T14:58:12+00:00\",\"breadcrumb\":{\"@id\":\"https:\/\/www.cottagearbatax.com\/de\/kontaktieren-uns\/#breadcrumb\"},\"inLanguage\":\"de-DE\",\"potentialAction\":[{\"@type\":\"ReadAction\",\"target\":[\"https:\/\/www.cottagearbatax.com\/de\/kontaktieren-uns\/\"]}]},{\"@type\":\"BreadcrumbList\",\"@id\":\"https:\/\/www.cottagearbatax.com\/de\/kontaktieren-uns\/#breadcrumb\",\"itemListElement\":[{\"@type\":\"ListItem\",\"position\":1,\"name\":\"Home\",\"item\":\"https:\/\/www.cottagearbatax.com\/de\/\"},{\"@type\":\"ListItem\",\"position\":2,\"name\":\"Kontaktieren uns\"}]},{\"@type\":\"WebSite\",\"@id\":\"https:\/\/www.cottagearbatax.com\/de\/#website\",\"url\":\"https:\/\/www.cottagearbatax.com\/de\/\",\"name\":\"Cottage\",\"description\":\"Just another ms.decms.eu site\",\"potentialAction\":[{\"@type\":\"SearchAction\",\"target\":{\"@type\":\"EntryPoint\",\"urlTemplate\":\"https:\/\/www.cottagearbatax.com\/de\/?s={search_term_string}\"},\"query-input\":{\"@type\":\"PropertyValueSpecification\",\"valueRequired\":true,\"valueName\":\"search_term_string\"}}],\"inLanguage\":\"de-DE\"}]}<\/script>\n<!-- \/ Yoast SEO plugin. -->","yoast_head_json":{"title":"Kontaktieren uns - Cottage","robots":{"index":"index","follow":"follow","max-snippet":"max-snippet:-1","max-image-preview":"max-image-preview:large","max-video-preview":"max-video-preview:-1"},"canonical":"https:\/\/www.cottagearbatax.com\/de\/kontaktieren-uns\/","og_locale":"de_DE","og_type":"article","og_title":"Kontaktieren uns - Cottage","og_url":"https:\/\/www.cottagearbatax.com\/de\/kontaktieren-uns\/","og_site_name":"Cottage","twitter_card":"summary_large_image","schema":{"@context":"https:\/\/schema.org","@graph":[{"@type":"WebPage","@id":"https:\/\/www.cottagearbatax.com\/de\/kontaktieren-uns\/","url":"https:\/\/www.cottagearbatax.com\/de\/kontaktieren-uns\/","name":"Kontaktieren uns - Cottage","isPartOf":{"@id":"https:\/\/www.cottagearbatax.com\/de\/#website"},"datePublished":"2021-02-12T14:58:12+00:00","breadcrumb":{"@id":"https:\/\/www.cottagearbatax.com\/de\/kontaktieren-uns\/#breadcrumb"},"inLanguage":"de-DE","potentialAction":[{"@type":"ReadAction","target":["https:\/\/www.cottagearbatax.com\/de\/kontaktieren-uns\/"]}]},{"@type":"BreadcrumbList","@id":"https:\/\/www.cottagearbatax.com\/de\/kontaktieren-uns\/#breadcrumb","itemListElement":[{"@type":"ListItem","position":1,"name":"Home","item":"https:\/\/www.cottagearbatax.com\/de\/"},{"@type":"ListItem","position":2,"name":"Kontaktieren uns"}]},{"@type":"WebSite","@id":"https:\/\/www.cottagearbatax.com\/de\/#website","url":"https:\/\/www.cottagearbatax.com\/de\/","name":"Cottage","description":"Just another ms.decms.eu site","potentialAction":[{"@type":"SearchAction","target":{"@type":"EntryPoint","urlTemplate":"https:\/\/www.cottagearbatax.com\/de\/?s={search_term_string}"},"query-input":{"@type":"PropertyValueSpecification","valueRequired":true,"valueName":"search_term_string"}}],"inLanguage":"de-DE"}]}},"acf":[],"_links":{"self":[{"href":"https:\/\/www.cottagearbatax.com\/de\/wp-json\/wp\/v2\/pages\/187","targetHints":{"allow":["GET"]}}],"collection":[{"href":"https:\/\/www.cottagearbatax.com\/de\/wp-json\/wp\/v2\/pages"}],"about":[{"href":"https:\/\/www.cottagearbatax.com\/de\/wp-json\/wp\/v2\/types\/page"}],"author":[{"embeddable":true,"href":"https:\/\/www.cottagearbatax.com\/de\/wp-json\/wp\/v2\/users\/7"}],"replies":[{"embeddable":true,"href":"https:\/\/www.cottagearbatax.com\/de\/wp-json\/wp\/v2\/comments?post=187"}],"version-history":[{"count":0,"href":"https:\/\/www.cottagearbatax.com\/de\/wp-json\/wp\/v2\/pages\/187\/revisions"}],"wp:attachment":[{"href":"https:\/\/www.cottagearbatax.com\/de\/wp-json\/wp\/v2\/media?parent=187"}],"curies":[{"name":"wp","href":"https:\/\/api.w.org\/{rel}","templated":true}]}}