{"id":41,"date":"2021-02-08T10:48:00","date_gmt":"2021-02-08T10:48:00","guid":{"rendered":"http:\/\/cottage.ms.decms.eu\/?page_id=41"},"modified":"2023-06-10T13:35:48","modified_gmt":"2023-06-10T13:35:48","slug":"zimmer-cottages","status":"publish","type":"page","link":"https:\/\/www.cottagearbatax.com\/de\/zimmer-cottages\/","title":{"rendered":"Zimmer"},"content":{"rendered":"<p>In einer der <strong>exklusivsten Bereiche des Arbatax Park Resorts<\/strong>, umgeben von saftigen G\u00e4rten, die charakteristischen Chalets von Cottage willkommen alle die sich bequem ein paar Schritte vom Meer entfernt zur\u00fcckziehen wollen, mit alle Dienstleistungen ein modernes Resort bieten kann.<\/p>\n<p>Die G\u00e4ste der Cottages haben <strong>exklusiven Zugang zum Pool Relax <\/strong>und zum eigenen Restaurant. Nach Reservierung, und Zuschlag, Sie k\u00f6nnen ihre Mahle auch in den verschiedenen anderen Restaurants des Arbatax Park Resort einnehmen.<\/p>\n<p>WI-FI ist in den \u00f6ffentlichen Bereichen nutzbar und ist kostenfrei. <strong>Wenn Sie direkt auf unserer Internet Seite buchen<\/strong>, genie\u00dfen Sie besondere und exklusive Vorteile, z. B.: bei einer Buchung f\u00fcr 7 N\u00e4chte oder mehr, erhalten Sie einen kostenlosen kollektiven Transfer vom Flughafen <strong>Cagliari oder Olbia<\/strong> und einen freien Eintritt pro Person (ab 16 jahre), in unseren Wellnessbereich.<\/p>\n","protected":false},"excerpt":{"rendered":"<p>In einer der exklusivsten Bereiche des Arbatax Park Resorts, umgeben von saftigen G\u00e4rten, die charakteristischen Chalets von Cottage willkommen alle die sich bequem ein paar Schritte vom Meer entfernt zur\u00fcckziehen wollen, mit alle Dienstleistungen ein modernes Resort bieten kann. Die G\u00e4ste der Cottages haben exklusiven Zugang zum Pool Relax und zum eigenen Restaurant. Nach Reservierung, [&hellip;]<\/p>\n","protected":false},"author":7,"featured_media":0,"parent":0,"menu_order":5,"comment_status":"closed","ping_status":"closed","template":"template-rooms.php","meta":{"footnotes":""},"class_list":["post-41","page","type-page","status-publish","hentry"],"yoast_head":"<!-- This site is optimized with the Yoast SEO plugin v26.9 - https:\/\/yoast.com\/product\/yoast-seo-wordpress\/ -->\n<title>Zimmer - Cottage<\/title>\n<meta name=\"robots\" content=\"index, follow, max-snippet:-1, max-image-preview:large, max-video-preview:-1\" \/>\n<link rel=\"canonical\" href=\"https:\/\/www.cottagearbatax.com\/de\/zimmer-cottages\/\" \/>\n<meta property=\"og:locale\" content=\"de_DE\" \/>\n<meta property=\"og:type\" content=\"article\" \/>\n<meta property=\"og:title\" content=\"Zimmer - Cottage\" \/>\n<meta property=\"og:description\" content=\"In einer der exklusivsten Bereiche des Arbatax Park Resorts, umgeben von saftigen G\u00e4rten, die charakteristischen Chalets von Cottage willkommen alle die sich bequem ein paar Schritte vom Meer entfernt zur\u00fcckziehen wollen, mit alle Dienstleistungen ein modernes Resort bieten kann. Die G\u00e4ste der Cottages haben exklusiven Zugang zum Pool Relax und zum eigenen Restaurant. Nach Reservierung, [&hellip;]\" \/>\n<meta property=\"og:url\" content=\"https:\/\/www.cottagearbatax.com\/de\/zimmer-cottages\/\" \/>\n<meta property=\"og:site_name\" content=\"Cottage\" \/>\n<meta property=\"article:modified_time\" content=\"2023-06-10T13:35:48+00:00\" \/>\n<meta name=\"twitter:card\" content=\"summary_large_image\" \/>\n<meta name=\"twitter:label1\" content=\"Gesch\u00e4tzte Lesezeit\" \/>\n\t<meta name=\"twitter:data1\" content=\"1 Minute\" \/>\n<script type=\"application\/ld+json\" class=\"yoast-schema-graph\">{\"@context\":\"https:\/\/schema.org\",\"@graph\":[{\"@type\":\"WebPage\",\"@id\":\"https:\/\/www.cottagearbatax.com\/de\/zimmer-cottages\/\",\"url\":\"https:\/\/www.cottagearbatax.com\/de\/zimmer-cottages\/\",\"name\":\"Zimmer - Cottage\",\"isPartOf\":{\"@id\":\"https:\/\/www.cottagearbatax.com\/de\/#website\"},\"datePublished\":\"2021-02-08T10:48:00+00:00\",\"dateModified\":\"2023-06-10T13:35:48+00:00\",\"breadcrumb\":{\"@id\":\"https:\/\/www.cottagearbatax.com\/de\/zimmer-cottages\/#breadcrumb\"},\"inLanguage\":\"de-DE\",\"potentialAction\":[{\"@type\":\"ReadAction\",\"target\":[\"https:\/\/www.cottagearbatax.com\/de\/zimmer-cottages\/\"]}]},{\"@type\":\"BreadcrumbList\",\"@id\":\"https:\/\/www.cottagearbatax.com\/de\/zimmer-cottages\/#breadcrumb\",\"itemListElement\":[{\"@type\":\"ListItem\",\"position\":1,\"name\":\"Home\",\"item\":\"https:\/\/www.cottagearbatax.com\/de\/\"},{\"@type\":\"ListItem\",\"position\":2,\"name\":\"Zimmer\"}]},{\"@type\":\"WebSite\",\"@id\":\"https:\/\/www.cottagearbatax.com\/de\/#website\",\"url\":\"https:\/\/www.cottagearbatax.com\/de\/\",\"name\":\"Cottage\",\"description\":\"Just another ms.decms.eu site\",\"potentialAction\":[{\"@type\":\"SearchAction\",\"target\":{\"@type\":\"EntryPoint\",\"urlTemplate\":\"https:\/\/www.cottagearbatax.com\/de\/?s={search_term_string}\"},\"query-input\":{\"@type\":\"PropertyValueSpecification\",\"valueRequired\":true,\"valueName\":\"search_term_string\"}}],\"inLanguage\":\"de-DE\"}]}<\/script>\n<!-- \/ Yoast SEO plugin. -->","yoast_head_json":{"title":"Zimmer - Cottage","robots":{"index":"index","follow":"follow","max-snippet":"max-snippet:-1","max-image-preview":"max-image-preview:large","max-video-preview":"max-video-preview:-1"},"canonical":"https:\/\/www.cottagearbatax.com\/de\/zimmer-cottages\/","og_locale":"de_DE","og_type":"article","og_title":"Zimmer - Cottage","og_description":"In einer der exklusivsten Bereiche des Arbatax Park Resorts, umgeben von saftigen G\u00e4rten, die charakteristischen Chalets von Cottage willkommen alle die sich bequem ein paar Schritte vom Meer entfernt zur\u00fcckziehen wollen, mit alle Dienstleistungen ein modernes Resort bieten kann. Die G\u00e4ste der Cottages haben exklusiven Zugang zum Pool Relax und zum eigenen Restaurant. Nach Reservierung, [&hellip;]","og_url":"https:\/\/www.cottagearbatax.com\/de\/zimmer-cottages\/","og_site_name":"Cottage","article_modified_time":"2023-06-10T13:35:48+00:00","twitter_card":"summary_large_image","twitter_misc":{"Gesch\u00e4tzte Lesezeit":"1 Minute"},"schema":{"@context":"https:\/\/schema.org","@graph":[{"@type":"WebPage","@id":"https:\/\/www.cottagearbatax.com\/de\/zimmer-cottages\/","url":"https:\/\/www.cottagearbatax.com\/de\/zimmer-cottages\/","name":"Zimmer - Cottage","isPartOf":{"@id":"https:\/\/www.cottagearbatax.com\/de\/#website"},"datePublished":"2021-02-08T10:48:00+00:00","dateModified":"2023-06-10T13:35:48+00:00","breadcrumb":{"@id":"https:\/\/www.cottagearbatax.com\/de\/zimmer-cottages\/#breadcrumb"},"inLanguage":"de-DE","potentialAction":[{"@type":"ReadAction","target":["https:\/\/www.cottagearbatax.com\/de\/zimmer-cottages\/"]}]},{"@type":"BreadcrumbList","@id":"https:\/\/www.cottagearbatax.com\/de\/zimmer-cottages\/#breadcrumb","itemListElement":[{"@type":"ListItem","position":1,"name":"Home","item":"https:\/\/www.cottagearbatax.com\/de\/"},{"@type":"ListItem","position":2,"name":"Zimmer"}]},{"@type":"WebSite","@id":"https:\/\/www.cottagearbatax.com\/de\/#website","url":"https:\/\/www.cottagearbatax.com\/de\/","name":"Cottage","description":"Just another ms.decms.eu site","potentialAction":[{"@type":"SearchAction","target":{"@type":"EntryPoint","urlTemplate":"https:\/\/www.cottagearbatax.com\/de\/?s={search_term_string}"},"query-input":{"@type":"PropertyValueSpecification","valueRequired":true,"valueName":"search_term_string"}}],"inLanguage":"de-DE"}]}},"acf":[],"_links":{"self":[{"href":"https:\/\/www.cottagearbatax.com\/de\/wp-json\/wp\/v2\/pages\/41","targetHints":{"allow":["GET"]}}],"collection":[{"href":"https:\/\/www.cottagearbatax.com\/de\/wp-json\/wp\/v2\/pages"}],"about":[{"href":"https:\/\/www.cottagearbatax.com\/de\/wp-json\/wp\/v2\/types\/page"}],"author":[{"embeddable":true,"href":"https:\/\/www.cottagearbatax.com\/de\/wp-json\/wp\/v2\/users\/7"}],"replies":[{"embeddable":true,"href":"https:\/\/www.cottagearbatax.com\/de\/wp-json\/wp\/v2\/comments?post=41"}],"version-history":[{"count":0,"href":"https:\/\/www.cottagearbatax.com\/de\/wp-json\/wp\/v2\/pages\/41\/revisions"}],"wp:attachment":[{"href":"https:\/\/www.cottagearbatax.com\/de\/wp-json\/wp\/v2\/media?parent=41"}],"curies":[{"name":"wp","href":"https:\/\/api.w.org\/{rel}","templated":true}]}}