{"id":5,"date":"2021-01-19T13:52:22","date_gmt":"2021-01-19T13:52:22","guid":{"rendered":"http:\/\/cottage.ms.decms.eu\/?page_id=5"},"modified":"2021-04-27T14:32:21","modified_gmt":"2021-04-27T14:32:21","slug":"cottage","status":"publish","type":"page","link":"https:\/\/www.cottagearbatax.com\/de\/","title":{"rendered":"Cottage"},"content":{"rendered":"<p>Der Duft des Meeres und der Lentiske, eine Folge von Feldern mit h\u00fcbschen eigenst\u00e4ndigen Chalets: <strong>Die Cottages sind ein charmantes Refugium<\/strong> nur ein paar Schritte vom Meer entfernt.<\/p>\n<p>Mit ihrer privaten Lage und umgeben von \u00fcppigen G\u00e4rten sind sie der ideale Rahmen f\u00fcr Paare und Familien, die raffinierten Komfort mit allen Dienstleistungen, die ein modernes Eco-Resort bieten kann, zusammenstellen m\u00f6chten.<\/p>\n","protected":false},"excerpt":{"rendered":"<p>Der Duft des Meeres und der Lentiske, eine Folge von Feldern mit h\u00fcbschen eigenst\u00e4ndigen Chalets: Die Cottages sind ein charmantes Refugium nur ein paar Schritte vom Meer entfernt. Mit ihrer privaten Lage und umgeben von \u00fcppigen G\u00e4rten sind sie der ideale Rahmen f\u00fcr Paare und Familien, die raffinierten Komfort mit allen Dienstleistungen, die ein modernes [&hellip;]<\/p>\n","protected":false},"author":17,"featured_media":0,"parent":0,"menu_order":10,"comment_status":"closed","ping_status":"open","template":"","meta":{"footnotes":""},"class_list":["post-5","page","type-page","status-publish","hentry"],"yoast_head":"<!-- This site is optimized with the Yoast SEO plugin v26.9 - https:\/\/yoast.com\/product\/yoast-seo-wordpress\/ -->\n<title>Cottage - Cottage<\/title>\n<meta name=\"robots\" content=\"index, follow, max-snippet:-1, max-image-preview:large, max-video-preview:-1\" \/>\n<link rel=\"canonical\" href=\"https:\/\/www.cottagearbatax.com\/de\/\" \/>\n<meta property=\"og:locale\" content=\"de_DE\" \/>\n<meta property=\"og:type\" content=\"article\" \/>\n<meta property=\"og:title\" content=\"Cottage - Cottage\" \/>\n<meta property=\"og:description\" content=\"Der Duft des Meeres und der Lentiske, eine Folge von Feldern mit h\u00fcbschen eigenst\u00e4ndigen Chalets: Die Cottages sind ein charmantes Refugium nur ein paar Schritte vom Meer entfernt. Mit ihrer privaten Lage und umgeben von \u00fcppigen G\u00e4rten sind sie der ideale Rahmen f\u00fcr Paare und Familien, die raffinierten Komfort mit allen Dienstleistungen, die ein modernes [&hellip;]\" \/>\n<meta property=\"og:url\" content=\"https:\/\/www.cottagearbatax.com\/de\/\" \/>\n<meta property=\"og:site_name\" content=\"Cottage\" \/>\n<meta property=\"article:modified_time\" content=\"2021-04-27T14:32:21+00:00\" \/>\n<meta name=\"twitter:card\" content=\"summary_large_image\" \/>\n<script type=\"application\/ld+json\" class=\"yoast-schema-graph\">{\"@context\":\"https:\/\/schema.org\",\"@graph\":[{\"@type\":\"WebPage\",\"@id\":\"https:\/\/www.cottagearbatax.com\/de\/\",\"url\":\"https:\/\/www.cottagearbatax.com\/de\/\",\"name\":\"Cottage - Cottage\",\"isPartOf\":{\"@id\":\"https:\/\/www.cottagearbatax.com\/de\/#website\"},\"datePublished\":\"2021-01-19T13:52:22+00:00\",\"dateModified\":\"2021-04-27T14:32:21+00:00\",\"breadcrumb\":{\"@id\":\"https:\/\/www.cottagearbatax.com\/de\/#breadcrumb\"},\"inLanguage\":\"de-DE\",\"potentialAction\":[{\"@type\":\"ReadAction\",\"target\":[\"https:\/\/www.cottagearbatax.com\/de\/\"]}]},{\"@type\":\"BreadcrumbList\",\"@id\":\"https:\/\/www.cottagearbatax.com\/de\/#breadcrumb\",\"itemListElement\":[{\"@type\":\"ListItem\",\"position\":1,\"name\":\"Home\",\"item\":\"https:\/\/www.cottagearbatax.com\/de\/\"},{\"@type\":\"ListItem\",\"position\":2,\"name\":\"Cottage\"}]},{\"@type\":\"WebSite\",\"@id\":\"https:\/\/www.cottagearbatax.com\/de\/#website\",\"url\":\"https:\/\/www.cottagearbatax.com\/de\/\",\"name\":\"Cottage\",\"description\":\"Just another ms.decms.eu site\",\"potentialAction\":[{\"@type\":\"SearchAction\",\"target\":{\"@type\":\"EntryPoint\",\"urlTemplate\":\"https:\/\/www.cottagearbatax.com\/de\/?s={search_term_string}\"},\"query-input\":{\"@type\":\"PropertyValueSpecification\",\"valueRequired\":true,\"valueName\":\"search_term_string\"}}],\"inLanguage\":\"de-DE\"}]}<\/script>\n<!-- \/ Yoast SEO plugin. -->","yoast_head_json":{"title":"Cottage - Cottage","robots":{"index":"index","follow":"follow","max-snippet":"max-snippet:-1","max-image-preview":"max-image-preview:large","max-video-preview":"max-video-preview:-1"},"canonical":"https:\/\/www.cottagearbatax.com\/de\/","og_locale":"de_DE","og_type":"article","og_title":"Cottage - Cottage","og_description":"Der Duft des Meeres und der Lentiske, eine Folge von Feldern mit h\u00fcbschen eigenst\u00e4ndigen Chalets: Die Cottages sind ein charmantes Refugium nur ein paar Schritte vom Meer entfernt. Mit ihrer privaten Lage und umgeben von \u00fcppigen G\u00e4rten sind sie der ideale Rahmen f\u00fcr Paare und Familien, die raffinierten Komfort mit allen Dienstleistungen, die ein modernes [&hellip;]","og_url":"https:\/\/www.cottagearbatax.com\/de\/","og_site_name":"Cottage","article_modified_time":"2021-04-27T14:32:21+00:00","twitter_card":"summary_large_image","schema":{"@context":"https:\/\/schema.org","@graph":[{"@type":"WebPage","@id":"https:\/\/www.cottagearbatax.com\/de\/","url":"https:\/\/www.cottagearbatax.com\/de\/","name":"Cottage - Cottage","isPartOf":{"@id":"https:\/\/www.cottagearbatax.com\/de\/#website"},"datePublished":"2021-01-19T13:52:22+00:00","dateModified":"2021-04-27T14:32:21+00:00","breadcrumb":{"@id":"https:\/\/www.cottagearbatax.com\/de\/#breadcrumb"},"inLanguage":"de-DE","potentialAction":[{"@type":"ReadAction","target":["https:\/\/www.cottagearbatax.com\/de\/"]}]},{"@type":"BreadcrumbList","@id":"https:\/\/www.cottagearbatax.com\/de\/#breadcrumb","itemListElement":[{"@type":"ListItem","position":1,"name":"Home","item":"https:\/\/www.cottagearbatax.com\/de\/"},{"@type":"ListItem","position":2,"name":"Cottage"}]},{"@type":"WebSite","@id":"https:\/\/www.cottagearbatax.com\/de\/#website","url":"https:\/\/www.cottagearbatax.com\/de\/","name":"Cottage","description":"Just another ms.decms.eu site","potentialAction":[{"@type":"SearchAction","target":{"@type":"EntryPoint","urlTemplate":"https:\/\/www.cottagearbatax.com\/de\/?s={search_term_string}"},"query-input":{"@type":"PropertyValueSpecification","valueRequired":true,"valueName":"search_term_string"}}],"inLanguage":"de-DE"}]}},"acf":[],"_links":{"self":[{"href":"https:\/\/www.cottagearbatax.com\/de\/wp-json\/wp\/v2\/pages\/5","targetHints":{"allow":["GET"]}}],"collection":[{"href":"https:\/\/www.cottagearbatax.com\/de\/wp-json\/wp\/v2\/pages"}],"about":[{"href":"https:\/\/www.cottagearbatax.com\/de\/wp-json\/wp\/v2\/types\/page"}],"author":[{"embeddable":true,"href":"https:\/\/www.cottagearbatax.com\/de\/wp-json\/wp\/v2\/users\/17"}],"replies":[{"embeddable":true,"href":"https:\/\/www.cottagearbatax.com\/de\/wp-json\/wp\/v2\/comments?post=5"}],"version-history":[{"count":0,"href":"https:\/\/www.cottagearbatax.com\/de\/wp-json\/wp\/v2\/pages\/5\/revisions"}],"wp:attachment":[{"href":"https:\/\/www.cottagearbatax.com\/de\/wp-json\/wp\/v2\/media?parent=5"}],"curies":[{"name":"wp","href":"https:\/\/api.w.org\/{rel}","templated":true}]}}