{"id":154,"date":"2021-02-12T10:24:19","date_gmt":"2021-02-12T10:24:19","guid":{"rendered":"http:\/\/cottage.ms.decms.eu\/?page_id=154"},"modified":"2022-12-07T09:52:00","modified_gmt":"2022-12-07T09:52:00","slug":"centre-de-bien-etre-spa-bellavista","status":"publish","type":"page","link":"https:\/\/www.cottagearbatax.com\/fr\/centre-de-bien-etre-spa-bellavista\/","title":{"rendered":"Centre De Bien-\u00catre SPA Bellavista"},"content":{"rendered":"<p><b>Le Centre de Bien- \u00eatre et SPA Bellavista <\/b>est situ\u00e9 \u00e0 l&rsquo;int\u00e9rieur de l&rsquo;Arbatax Park Resort, un complexe de 60 hectares comprenant 7 h\u00f4tels, donnant sur la magnifique c\u00f4te est d&rsquo;Ogliastra, en Sardaigne.<\/p>\n<p>Il est n\u00e9 en 2010 de la reconversion du prestigieux <b>centre \u00e9questre<\/b> le plus avant-gardiste d&rsquo;Europe, qui accueillait autrefois jusqu&rsquo;\u00e0 60 chevaux de toutes races.<br \/>\nAujourd&rsquo;hui, sur la terrasse \u00e0 l&rsquo;entr\u00e9e du SPA, qui donne sur la grande piscine ext\u00e9rieure du Centre de bien-\u00eatre, il est possible d&rsquo;admirer le <b>travail artistique d&rsquo;une t\u00eate de cheval<\/b> pour rappeler les origines de ce lieu.<\/p>\n","protected":false},"excerpt":{"rendered":"<p>Le Centre de Bien- \u00eatre et SPA Bellavista est situ\u00e9 \u00e0 l&rsquo;int\u00e9rieur de l&rsquo;Arbatax Park Resort, un complexe de 60 hectares comprenant 7 h\u00f4tels, donnant sur la magnifique c\u00f4te est d&rsquo;Ogliastra, en Sardaigne. Il est n\u00e9 en 2010 de la reconversion du prestigieux centre \u00e9questre le plus avant-gardiste d&rsquo;Europe, qui accueillait autrefois jusqu&rsquo;\u00e0 60 chevaux [&hellip;]<\/p>\n","protected":false},"author":7,"featured_media":0,"parent":0,"menu_order":35,"comment_status":"closed","ping_status":"closed","template":"","meta":{"footnotes":""},"class_list":["post-154","page","type-page","status-publish","hentry"],"yoast_head":"<!-- This site is optimized with the Yoast SEO plugin v26.9 - https:\/\/yoast.com\/product\/yoast-seo-wordpress\/ -->\n<title>Centre De Bien-\u00catre SPA Bellavista - Cottage<\/title>\n<meta name=\"robots\" content=\"index, follow, max-snippet:-1, max-image-preview:large, max-video-preview:-1\" \/>\n<link rel=\"canonical\" href=\"https:\/\/www.cottagearbatax.com\/fr\/centre-de-bien-etre-spa-bellavista\/\" \/>\n<meta property=\"og:locale\" content=\"fr_FR\" \/>\n<meta property=\"og:type\" content=\"article\" \/>\n<meta property=\"og:title\" content=\"Centre De Bien-\u00catre SPA Bellavista - Cottage\" \/>\n<meta property=\"og:description\" content=\"Le Centre de Bien- \u00eatre et SPA Bellavista est situ\u00e9 \u00e0 l&rsquo;int\u00e9rieur de l&rsquo;Arbatax Park Resort, un complexe de 60 hectares comprenant 7 h\u00f4tels, donnant sur la magnifique c\u00f4te est d&rsquo;Ogliastra, en Sardaigne. Il est n\u00e9 en 2010 de la reconversion du prestigieux centre \u00e9questre le plus avant-gardiste d&rsquo;Europe, qui accueillait autrefois jusqu&rsquo;\u00e0 60 chevaux [&hellip;]\" \/>\n<meta property=\"og:url\" content=\"https:\/\/www.cottagearbatax.com\/fr\/centre-de-bien-etre-spa-bellavista\/\" \/>\n<meta property=\"og:site_name\" content=\"Cottage\" \/>\n<meta property=\"article:modified_time\" content=\"2022-12-07T09:52:00+00:00\" \/>\n<meta name=\"twitter:card\" content=\"summary_large_image\" \/>\n<meta name=\"twitter:label1\" content=\"Dur\u00e9e de lecture estim\u00e9e\" \/>\n\t<meta name=\"twitter:data1\" content=\"1 minute\" \/>\n<script type=\"application\/ld+json\" class=\"yoast-schema-graph\">{\"@context\":\"https:\/\/schema.org\",\"@graph\":[{\"@type\":\"WebPage\",\"@id\":\"https:\/\/www.cottagearbatax.com\/fr\/centre-de-bien-etre-spa-bellavista\/\",\"url\":\"https:\/\/www.cottagearbatax.com\/fr\/centre-de-bien-etre-spa-bellavista\/\",\"name\":\"Centre De Bien-\u00catre SPA Bellavista - Cottage\",\"isPartOf\":{\"@id\":\"https:\/\/www.cottagearbatax.com\/fr\/#website\"},\"datePublished\":\"2021-02-12T10:24:19+00:00\",\"dateModified\":\"2022-12-07T09:52:00+00:00\",\"breadcrumb\":{\"@id\":\"https:\/\/www.cottagearbatax.com\/fr\/centre-de-bien-etre-spa-bellavista\/#breadcrumb\"},\"inLanguage\":\"fr-FR\",\"potentialAction\":[{\"@type\":\"ReadAction\",\"target\":[\"https:\/\/www.cottagearbatax.com\/fr\/centre-de-bien-etre-spa-bellavista\/\"]}]},{\"@type\":\"BreadcrumbList\",\"@id\":\"https:\/\/www.cottagearbatax.com\/fr\/centre-de-bien-etre-spa-bellavista\/#breadcrumb\",\"itemListElement\":[{\"@type\":\"ListItem\",\"position\":1,\"name\":\"Home\",\"item\":\"https:\/\/www.cottagearbatax.com\/fr\/\"},{\"@type\":\"ListItem\",\"position\":2,\"name\":\"Centre De Bien-\u00catre SPA Bellavista\"}]},{\"@type\":\"WebSite\",\"@id\":\"https:\/\/www.cottagearbatax.com\/fr\/#website\",\"url\":\"https:\/\/www.cottagearbatax.com\/fr\/\",\"name\":\"Cottage\",\"description\":\"Just another ms.decms.eu site\",\"potentialAction\":[{\"@type\":\"SearchAction\",\"target\":{\"@type\":\"EntryPoint\",\"urlTemplate\":\"https:\/\/www.cottagearbatax.com\/fr\/?s={search_term_string}\"},\"query-input\":{\"@type\":\"PropertyValueSpecification\",\"valueRequired\":true,\"valueName\":\"search_term_string\"}}],\"inLanguage\":\"fr-FR\"}]}<\/script>\n<!-- \/ Yoast SEO plugin. -->","yoast_head_json":{"title":"Centre De Bien-\u00catre SPA Bellavista - Cottage","robots":{"index":"index","follow":"follow","max-snippet":"max-snippet:-1","max-image-preview":"max-image-preview:large","max-video-preview":"max-video-preview:-1"},"canonical":"https:\/\/www.cottagearbatax.com\/fr\/centre-de-bien-etre-spa-bellavista\/","og_locale":"fr_FR","og_type":"article","og_title":"Centre De Bien-\u00catre SPA Bellavista - Cottage","og_description":"Le Centre de Bien- \u00eatre et SPA Bellavista est situ\u00e9 \u00e0 l&rsquo;int\u00e9rieur de l&rsquo;Arbatax Park Resort, un complexe de 60 hectares comprenant 7 h\u00f4tels, donnant sur la magnifique c\u00f4te est d&rsquo;Ogliastra, en Sardaigne. Il est n\u00e9 en 2010 de la reconversion du prestigieux centre \u00e9questre le plus avant-gardiste d&rsquo;Europe, qui accueillait autrefois jusqu&rsquo;\u00e0 60 chevaux [&hellip;]","og_url":"https:\/\/www.cottagearbatax.com\/fr\/centre-de-bien-etre-spa-bellavista\/","og_site_name":"Cottage","article_modified_time":"2022-12-07T09:52:00+00:00","twitter_card":"summary_large_image","twitter_misc":{"Dur\u00e9e de lecture estim\u00e9e":"1 minute"},"schema":{"@context":"https:\/\/schema.org","@graph":[{"@type":"WebPage","@id":"https:\/\/www.cottagearbatax.com\/fr\/centre-de-bien-etre-spa-bellavista\/","url":"https:\/\/www.cottagearbatax.com\/fr\/centre-de-bien-etre-spa-bellavista\/","name":"Centre De Bien-\u00catre SPA Bellavista - Cottage","isPartOf":{"@id":"https:\/\/www.cottagearbatax.com\/fr\/#website"},"datePublished":"2021-02-12T10:24:19+00:00","dateModified":"2022-12-07T09:52:00+00:00","breadcrumb":{"@id":"https:\/\/www.cottagearbatax.com\/fr\/centre-de-bien-etre-spa-bellavista\/#breadcrumb"},"inLanguage":"fr-FR","potentialAction":[{"@type":"ReadAction","target":["https:\/\/www.cottagearbatax.com\/fr\/centre-de-bien-etre-spa-bellavista\/"]}]},{"@type":"BreadcrumbList","@id":"https:\/\/www.cottagearbatax.com\/fr\/centre-de-bien-etre-spa-bellavista\/#breadcrumb","itemListElement":[{"@type":"ListItem","position":1,"name":"Home","item":"https:\/\/www.cottagearbatax.com\/fr\/"},{"@type":"ListItem","position":2,"name":"Centre De Bien-\u00catre SPA Bellavista"}]},{"@type":"WebSite","@id":"https:\/\/www.cottagearbatax.com\/fr\/#website","url":"https:\/\/www.cottagearbatax.com\/fr\/","name":"Cottage","description":"Just another ms.decms.eu site","potentialAction":[{"@type":"SearchAction","target":{"@type":"EntryPoint","urlTemplate":"https:\/\/www.cottagearbatax.com\/fr\/?s={search_term_string}"},"query-input":{"@type":"PropertyValueSpecification","valueRequired":true,"valueName":"search_term_string"}}],"inLanguage":"fr-FR"}]}},"acf":[],"_links":{"self":[{"href":"https:\/\/www.cottagearbatax.com\/fr\/wp-json\/wp\/v2\/pages\/154","targetHints":{"allow":["GET"]}}],"collection":[{"href":"https:\/\/www.cottagearbatax.com\/fr\/wp-json\/wp\/v2\/pages"}],"about":[{"href":"https:\/\/www.cottagearbatax.com\/fr\/wp-json\/wp\/v2\/types\/page"}],"author":[{"embeddable":true,"href":"https:\/\/www.cottagearbatax.com\/fr\/wp-json\/wp\/v2\/users\/7"}],"replies":[{"embeddable":true,"href":"https:\/\/www.cottagearbatax.com\/fr\/wp-json\/wp\/v2\/comments?post=154"}],"version-history":[{"count":0,"href":"https:\/\/www.cottagearbatax.com\/fr\/wp-json\/wp\/v2\/pages\/154\/revisions"}],"wp:attachment":[{"href":"https:\/\/www.cottagearbatax.com\/fr\/wp-json\/wp\/v2\/media?parent=154"}],"curies":[{"name":"wp","href":"https:\/\/api.w.org\/{rel}","templated":true}]}}