{"id":39,"date":"2021-02-08T10:42:02","date_gmt":"2021-02-08T10:42:02","guid":{"rendered":"http:\/\/cottage.ms.decms.eu\/?page_id=39"},"modified":"2023-06-10T13:35:27","modified_gmt":"2023-06-10T13:35:27","slug":"chambres-cottages","status":"publish","type":"page","link":"https:\/\/www.cottagearbatax.com\/fr\/chambres-cottages\/","title":{"rendered":"Chambres"},"content":{"rendered":"<p>Dans l&rsquo;une des zones les plus <strong>exclusives de l&rsquo;Arbatax Park Resort<\/strong>, entour\u00e9e de jardins luxuriants, les chalets caract\u00e9ristiques de Cottage accueilleront tous ceux qui veulent se d\u00e9tendre confortablement \u00e0 quelques pas de la mer, sans renoncer \u00e0 tous les services qu&rsquo;un Resort moderne peut offrir.<\/p>\n<p>Les clients des Cottage ont acc\u00e8s exclusif \u00e0 la <strong>Piscine Relax <\/strong>et au Restaurant d\u00e9di\u00e9. Sur r\u00e9servation et en suppl\u00e9ment ils peuvent \u00e9galement prendre leurs repas dans les diff\u00e9rents restaurants de l\u2019 Arbatax Park Resort.<\/p>\n<p>Le Wi-Fi gratuit est disponible dans les parties communes. <strong>En r\u00e9servant directement sur notre site web<\/strong>, vous profiterez de nombreux avantages exclusifs, comme le service gratuit de transfert collectif aller-retour pour les a\u00e9roports de <strong>Cagliari et Olbia<\/strong> avec un s\u00e9jour minimum de 7 nuits.<\/p>\n<p>En plus, si vous choisissez de passer au moins une semaine de s\u00e9jour avec nous, vous avrez en hommage une entr\u00e9e gratuite par adulte dans notre charmant Centre De Bien-\u00catre.<\/p>\n","protected":false},"excerpt":{"rendered":"<p>Dans l&rsquo;une des zones les plus exclusives de l&rsquo;Arbatax Park Resort, entour\u00e9e de jardins luxuriants, les chalets caract\u00e9ristiques de Cottage accueilleront tous ceux qui veulent se d\u00e9tendre confortablement \u00e0 quelques pas de la mer, sans renoncer \u00e0 tous les services qu&rsquo;un Resort moderne peut offrir. Les clients des Cottage ont acc\u00e8s exclusif \u00e0 la Piscine [&hellip;]<\/p>\n","protected":false},"author":7,"featured_media":0,"parent":0,"menu_order":5,"comment_status":"closed","ping_status":"closed","template":"template-rooms.php","meta":{"footnotes":""},"class_list":["post-39","page","type-page","status-publish","hentry"],"yoast_head":"<!-- This site is optimized with the Yoast SEO plugin v26.9 - https:\/\/yoast.com\/product\/yoast-seo-wordpress\/ -->\n<title>Chambres - Cottage<\/title>\n<meta name=\"robots\" content=\"index, follow, max-snippet:-1, max-image-preview:large, max-video-preview:-1\" \/>\n<link rel=\"canonical\" href=\"https:\/\/www.cottagearbatax.com\/fr\/chambres-cottages\/\" \/>\n<meta property=\"og:locale\" content=\"fr_FR\" \/>\n<meta property=\"og:type\" content=\"article\" \/>\n<meta property=\"og:title\" content=\"Chambres - Cottage\" \/>\n<meta property=\"og:description\" content=\"Dans l&rsquo;une des zones les plus exclusives de l&rsquo;Arbatax Park Resort, entour\u00e9e de jardins luxuriants, les chalets caract\u00e9ristiques de Cottage accueilleront tous ceux qui veulent se d\u00e9tendre confortablement \u00e0 quelques pas de la mer, sans renoncer \u00e0 tous les services qu&rsquo;un Resort moderne peut offrir. Les clients des Cottage ont acc\u00e8s exclusif \u00e0 la Piscine [&hellip;]\" \/>\n<meta property=\"og:url\" content=\"https:\/\/www.cottagearbatax.com\/fr\/chambres-cottages\/\" \/>\n<meta property=\"og:site_name\" content=\"Cottage\" \/>\n<meta property=\"article:modified_time\" content=\"2023-06-10T13:35:27+00:00\" \/>\n<meta name=\"twitter:card\" content=\"summary_large_image\" \/>\n<meta name=\"twitter:label1\" content=\"Dur\u00e9e de lecture estim\u00e9e\" \/>\n\t<meta name=\"twitter:data1\" content=\"1 minute\" \/>\n<script type=\"application\/ld+json\" class=\"yoast-schema-graph\">{\"@context\":\"https:\/\/schema.org\",\"@graph\":[{\"@type\":\"WebPage\",\"@id\":\"https:\/\/www.cottagearbatax.com\/fr\/chambres-cottages\/\",\"url\":\"https:\/\/www.cottagearbatax.com\/fr\/chambres-cottages\/\",\"name\":\"Chambres - Cottage\",\"isPartOf\":{\"@id\":\"https:\/\/www.cottagearbatax.com\/fr\/#website\"},\"datePublished\":\"2021-02-08T10:42:02+00:00\",\"dateModified\":\"2023-06-10T13:35:27+00:00\",\"breadcrumb\":{\"@id\":\"https:\/\/www.cottagearbatax.com\/fr\/chambres-cottages\/#breadcrumb\"},\"inLanguage\":\"fr-FR\",\"potentialAction\":[{\"@type\":\"ReadAction\",\"target\":[\"https:\/\/www.cottagearbatax.com\/fr\/chambres-cottages\/\"]}]},{\"@type\":\"BreadcrumbList\",\"@id\":\"https:\/\/www.cottagearbatax.com\/fr\/chambres-cottages\/#breadcrumb\",\"itemListElement\":[{\"@type\":\"ListItem\",\"position\":1,\"name\":\"Home\",\"item\":\"https:\/\/www.cottagearbatax.com\/fr\/\"},{\"@type\":\"ListItem\",\"position\":2,\"name\":\"Chambres\"}]},{\"@type\":\"WebSite\",\"@id\":\"https:\/\/www.cottagearbatax.com\/fr\/#website\",\"url\":\"https:\/\/www.cottagearbatax.com\/fr\/\",\"name\":\"Cottage\",\"description\":\"Just another ms.decms.eu site\",\"potentialAction\":[{\"@type\":\"SearchAction\",\"target\":{\"@type\":\"EntryPoint\",\"urlTemplate\":\"https:\/\/www.cottagearbatax.com\/fr\/?s={search_term_string}\"},\"query-input\":{\"@type\":\"PropertyValueSpecification\",\"valueRequired\":true,\"valueName\":\"search_term_string\"}}],\"inLanguage\":\"fr-FR\"}]}<\/script>\n<!-- \/ Yoast SEO plugin. -->","yoast_head_json":{"title":"Chambres - Cottage","robots":{"index":"index","follow":"follow","max-snippet":"max-snippet:-1","max-image-preview":"max-image-preview:large","max-video-preview":"max-video-preview:-1"},"canonical":"https:\/\/www.cottagearbatax.com\/fr\/chambres-cottages\/","og_locale":"fr_FR","og_type":"article","og_title":"Chambres - Cottage","og_description":"Dans l&rsquo;une des zones les plus exclusives de l&rsquo;Arbatax Park Resort, entour\u00e9e de jardins luxuriants, les chalets caract\u00e9ristiques de Cottage accueilleront tous ceux qui veulent se d\u00e9tendre confortablement \u00e0 quelques pas de la mer, sans renoncer \u00e0 tous les services qu&rsquo;un Resort moderne peut offrir. Les clients des Cottage ont acc\u00e8s exclusif \u00e0 la Piscine [&hellip;]","og_url":"https:\/\/www.cottagearbatax.com\/fr\/chambres-cottages\/","og_site_name":"Cottage","article_modified_time":"2023-06-10T13:35:27+00:00","twitter_card":"summary_large_image","twitter_misc":{"Dur\u00e9e de lecture estim\u00e9e":"1 minute"},"schema":{"@context":"https:\/\/schema.org","@graph":[{"@type":"WebPage","@id":"https:\/\/www.cottagearbatax.com\/fr\/chambres-cottages\/","url":"https:\/\/www.cottagearbatax.com\/fr\/chambres-cottages\/","name":"Chambres - Cottage","isPartOf":{"@id":"https:\/\/www.cottagearbatax.com\/fr\/#website"},"datePublished":"2021-02-08T10:42:02+00:00","dateModified":"2023-06-10T13:35:27+00:00","breadcrumb":{"@id":"https:\/\/www.cottagearbatax.com\/fr\/chambres-cottages\/#breadcrumb"},"inLanguage":"fr-FR","potentialAction":[{"@type":"ReadAction","target":["https:\/\/www.cottagearbatax.com\/fr\/chambres-cottages\/"]}]},{"@type":"BreadcrumbList","@id":"https:\/\/www.cottagearbatax.com\/fr\/chambres-cottages\/#breadcrumb","itemListElement":[{"@type":"ListItem","position":1,"name":"Home","item":"https:\/\/www.cottagearbatax.com\/fr\/"},{"@type":"ListItem","position":2,"name":"Chambres"}]},{"@type":"WebSite","@id":"https:\/\/www.cottagearbatax.com\/fr\/#website","url":"https:\/\/www.cottagearbatax.com\/fr\/","name":"Cottage","description":"Just another ms.decms.eu site","potentialAction":[{"@type":"SearchAction","target":{"@type":"EntryPoint","urlTemplate":"https:\/\/www.cottagearbatax.com\/fr\/?s={search_term_string}"},"query-input":{"@type":"PropertyValueSpecification","valueRequired":true,"valueName":"search_term_string"}}],"inLanguage":"fr-FR"}]}},"acf":[],"_links":{"self":[{"href":"https:\/\/www.cottagearbatax.com\/fr\/wp-json\/wp\/v2\/pages\/39","targetHints":{"allow":["GET"]}}],"collection":[{"href":"https:\/\/www.cottagearbatax.com\/fr\/wp-json\/wp\/v2\/pages"}],"about":[{"href":"https:\/\/www.cottagearbatax.com\/fr\/wp-json\/wp\/v2\/types\/page"}],"author":[{"embeddable":true,"href":"https:\/\/www.cottagearbatax.com\/fr\/wp-json\/wp\/v2\/users\/7"}],"replies":[{"embeddable":true,"href":"https:\/\/www.cottagearbatax.com\/fr\/wp-json\/wp\/v2\/comments?post=39"}],"version-history":[{"count":0,"href":"https:\/\/www.cottagearbatax.com\/fr\/wp-json\/wp\/v2\/pages\/39\/revisions"}],"wp:attachment":[{"href":"https:\/\/www.cottagearbatax.com\/fr\/wp-json\/wp\/v2\/media?parent=39"}],"curies":[{"name":"wp","href":"https:\/\/api.w.org\/{rel}","templated":true}]}}