{"id":4,"date":"2021-01-19T13:52:08","date_gmt":"2021-01-19T13:52:08","guid":{"rendered":"http:\/\/cottage.ms.decms.eu\/?page_id=4"},"modified":"2021-04-27T14:32:45","modified_gmt":"2021-04-27T14:32:45","slug":"cottage","status":"publish","type":"page","link":"https:\/\/www.cottagearbatax.com\/fr\/","title":{"rendered":"Cottage"},"content":{"rendered":"<p>L&rsquo;odeur de la mer et du lentisque, une succession de prairies diss\u00e9min\u00e9es de charmants chalets ind\u00e9pendants : <strong>Les Cottages sont une charmante retraite<\/strong> pieds dans l\u2019eau.<\/p>\n<p>Avec leur endroit priv\u00e9 et entour\u00e9s de jardins luxuriants, ils sont le cadre id\u00e9al pour les couples et les familles qui souhaitent combiner un confort raffin\u00e9 avec tous les services qu&rsquo;un Eco-Resort moderne peut offrir.<\/p>\n","protected":false},"excerpt":{"rendered":"<p>L&rsquo;odeur de la mer et du lentisque, une succession de prairies diss\u00e9min\u00e9es de charmants chalets ind\u00e9pendants : Les Cottages sont une charmante retraite pieds dans l\u2019eau. Avec leur endroit priv\u00e9 et entour\u00e9s de jardins luxuriants, ils sont le cadre id\u00e9al pour les couples et les familles qui souhaitent combiner un confort raffin\u00e9 avec tous les [&hellip;]<\/p>\n","protected":false},"author":17,"featured_media":0,"parent":0,"menu_order":10,"comment_status":"closed","ping_status":"open","template":"","meta":{"footnotes":""},"class_list":["post-4","page","type-page","status-publish","hentry"],"yoast_head":"<!-- This site is optimized with the Yoast SEO plugin v26.9 - https:\/\/yoast.com\/product\/yoast-seo-wordpress\/ -->\n<title>Cottage - Cottage<\/title>\n<meta name=\"robots\" content=\"index, follow, max-snippet:-1, max-image-preview:large, max-video-preview:-1\" \/>\n<link rel=\"canonical\" href=\"https:\/\/www.cottagearbatax.com\/fr\/\" \/>\n<meta property=\"og:locale\" content=\"fr_FR\" \/>\n<meta property=\"og:type\" content=\"article\" \/>\n<meta property=\"og:title\" content=\"Cottage - Cottage\" \/>\n<meta property=\"og:description\" content=\"L&rsquo;odeur de la mer et du lentisque, une succession de prairies diss\u00e9min\u00e9es de charmants chalets ind\u00e9pendants : Les Cottages sont une charmante retraite pieds dans l\u2019eau. Avec leur endroit priv\u00e9 et entour\u00e9s de jardins luxuriants, ils sont le cadre id\u00e9al pour les couples et les familles qui souhaitent combiner un confort raffin\u00e9 avec tous les [&hellip;]\" \/>\n<meta property=\"og:url\" content=\"https:\/\/www.cottagearbatax.com\/fr\/\" \/>\n<meta property=\"og:site_name\" content=\"Cottage\" \/>\n<meta property=\"article:modified_time\" content=\"2021-04-27T14:32:45+00:00\" \/>\n<meta name=\"twitter:card\" content=\"summary_large_image\" \/>\n<script type=\"application\/ld+json\" class=\"yoast-schema-graph\">{\"@context\":\"https:\/\/schema.org\",\"@graph\":[{\"@type\":\"WebPage\",\"@id\":\"https:\/\/www.cottagearbatax.com\/fr\/\",\"url\":\"https:\/\/www.cottagearbatax.com\/fr\/\",\"name\":\"Cottage - Cottage\",\"isPartOf\":{\"@id\":\"https:\/\/www.cottagearbatax.com\/fr\/#website\"},\"datePublished\":\"2021-01-19T13:52:08+00:00\",\"dateModified\":\"2021-04-27T14:32:45+00:00\",\"breadcrumb\":{\"@id\":\"https:\/\/www.cottagearbatax.com\/fr\/#breadcrumb\"},\"inLanguage\":\"fr-FR\",\"potentialAction\":[{\"@type\":\"ReadAction\",\"target\":[\"https:\/\/www.cottagearbatax.com\/fr\/\"]}]},{\"@type\":\"BreadcrumbList\",\"@id\":\"https:\/\/www.cottagearbatax.com\/fr\/#breadcrumb\",\"itemListElement\":[{\"@type\":\"ListItem\",\"position\":1,\"name\":\"Home\",\"item\":\"https:\/\/www.cottagearbatax.com\/fr\/\"},{\"@type\":\"ListItem\",\"position\":2,\"name\":\"Cottage\"}]},{\"@type\":\"WebSite\",\"@id\":\"https:\/\/www.cottagearbatax.com\/fr\/#website\",\"url\":\"https:\/\/www.cottagearbatax.com\/fr\/\",\"name\":\"Cottage\",\"description\":\"Just another ms.decms.eu site\",\"potentialAction\":[{\"@type\":\"SearchAction\",\"target\":{\"@type\":\"EntryPoint\",\"urlTemplate\":\"https:\/\/www.cottagearbatax.com\/fr\/?s={search_term_string}\"},\"query-input\":{\"@type\":\"PropertyValueSpecification\",\"valueRequired\":true,\"valueName\":\"search_term_string\"}}],\"inLanguage\":\"fr-FR\"}]}<\/script>\n<!-- \/ Yoast SEO plugin. -->","yoast_head_json":{"title":"Cottage - Cottage","robots":{"index":"index","follow":"follow","max-snippet":"max-snippet:-1","max-image-preview":"max-image-preview:large","max-video-preview":"max-video-preview:-1"},"canonical":"https:\/\/www.cottagearbatax.com\/fr\/","og_locale":"fr_FR","og_type":"article","og_title":"Cottage - Cottage","og_description":"L&rsquo;odeur de la mer et du lentisque, une succession de prairies diss\u00e9min\u00e9es de charmants chalets ind\u00e9pendants : Les Cottages sont une charmante retraite pieds dans l\u2019eau. Avec leur endroit priv\u00e9 et entour\u00e9s de jardins luxuriants, ils sont le cadre id\u00e9al pour les couples et les familles qui souhaitent combiner un confort raffin\u00e9 avec tous les [&hellip;]","og_url":"https:\/\/www.cottagearbatax.com\/fr\/","og_site_name":"Cottage","article_modified_time":"2021-04-27T14:32:45+00:00","twitter_card":"summary_large_image","schema":{"@context":"https:\/\/schema.org","@graph":[{"@type":"WebPage","@id":"https:\/\/www.cottagearbatax.com\/fr\/","url":"https:\/\/www.cottagearbatax.com\/fr\/","name":"Cottage - Cottage","isPartOf":{"@id":"https:\/\/www.cottagearbatax.com\/fr\/#website"},"datePublished":"2021-01-19T13:52:08+00:00","dateModified":"2021-04-27T14:32:45+00:00","breadcrumb":{"@id":"https:\/\/www.cottagearbatax.com\/fr\/#breadcrumb"},"inLanguage":"fr-FR","potentialAction":[{"@type":"ReadAction","target":["https:\/\/www.cottagearbatax.com\/fr\/"]}]},{"@type":"BreadcrumbList","@id":"https:\/\/www.cottagearbatax.com\/fr\/#breadcrumb","itemListElement":[{"@type":"ListItem","position":1,"name":"Home","item":"https:\/\/www.cottagearbatax.com\/fr\/"},{"@type":"ListItem","position":2,"name":"Cottage"}]},{"@type":"WebSite","@id":"https:\/\/www.cottagearbatax.com\/fr\/#website","url":"https:\/\/www.cottagearbatax.com\/fr\/","name":"Cottage","description":"Just another ms.decms.eu site","potentialAction":[{"@type":"SearchAction","target":{"@type":"EntryPoint","urlTemplate":"https:\/\/www.cottagearbatax.com\/fr\/?s={search_term_string}"},"query-input":{"@type":"PropertyValueSpecification","valueRequired":true,"valueName":"search_term_string"}}],"inLanguage":"fr-FR"}]}},"acf":[],"_links":{"self":[{"href":"https:\/\/www.cottagearbatax.com\/fr\/wp-json\/wp\/v2\/pages\/4","targetHints":{"allow":["GET"]}}],"collection":[{"href":"https:\/\/www.cottagearbatax.com\/fr\/wp-json\/wp\/v2\/pages"}],"about":[{"href":"https:\/\/www.cottagearbatax.com\/fr\/wp-json\/wp\/v2\/types\/page"}],"author":[{"embeddable":true,"href":"https:\/\/www.cottagearbatax.com\/fr\/wp-json\/wp\/v2\/users\/17"}],"replies":[{"embeddable":true,"href":"https:\/\/www.cottagearbatax.com\/fr\/wp-json\/wp\/v2\/comments?post=4"}],"version-history":[{"count":0,"href":"https:\/\/www.cottagearbatax.com\/fr\/wp-json\/wp\/v2\/pages\/4\/revisions"}],"wp:attachment":[{"href":"https:\/\/www.cottagearbatax.com\/fr\/wp-json\/wp\/v2\/media?parent=4"}],"curies":[{"name":"wp","href":"https:\/\/api.w.org\/{rel}","templated":true}]}}